{"id":19,"date":"2025-04-25T15:28:09","date_gmt":"2025-04-25T15:28:09","guid":{"rendered":"https:\/\/www.bandapizzorno.info\/bp\/?page_id=19"},"modified":"2025-04-25T15:47:18","modified_gmt":"2025-04-25T15:47:18","slug":"storia","status":"publish","type":"page","link":"https:\/\/www.bandapizzorno.info\/bp\/","title":{"rendered":"La Storia"},"content":{"rendered":"\n<figure class=\"wp-block-image aligncenter size-full\"><img loading=\"lazy\" decoding=\"async\" width=\"600\" height=\"366\" src=\"https:\/\/www.bandapizzorno.info\/bp\/wp-content\/uploads\/2025\/04\/banda.jpg\" alt=\"\" class=\"wp-image-22\" srcset=\"https:\/\/www.bandapizzorno.info\/bp\/wp-content\/uploads\/2025\/04\/banda.jpg 600w, https:\/\/www.bandapizzorno.info\/bp\/wp-content\/uploads\/2025\/04\/banda-300x183.jpg 300w\" sizes=\"auto, (max-width: 600px) 100vw, 600px\" \/><\/figure>\n\n\n\n<figure class=\"wp-block-table\"><table class=\"has-fixed-layout\"><tbody><tr><td><a href=\"javascript: stemma('','Banda Musicale Antonio Pizzorno - Millesimo (SV)')\"><\/a><\/td><\/tr><tr><td>Nel N\u00b0 1 della Rivista Mensile del Mandamento di Millesimo, 1\u00b0 Gennaio 1861, si&nbsp; legge che \u00e8 rinata la Banda della Guardia&nbsp; Nazionale di Millesimo. Si pu\u00f2 quindi supporre che gi\u00e0 all&#8217;epoca fosse viva una tradizione musicale che si \u00e8 conservata sino ai giorni nostri.<br><br>E&#8217; agli inizi del &#8216;900 che troviamo i primi documenti fotografici: essi ritraggono la banda musicale diretta dal Maestro Antonio Pizzorno che l&#8217;ha guidata con perizia e passione fino agli anni immediatamente precedenti la seconda guerra mondiale.<br>Il drammatico periodo del conflitto interruppe momentaneamente l&#8217;attivit\u00e0 del complesso bandistico che, col nome di Banda &#8220;A. Pizzorno&#8221;, rinacque nel dopoguerra grazie all&#8217;iniziativa di alcuni volenterosi sotto la direzione del Maestro G. Canaparo.<br><br>Negli anni &#8217;50 la passione per la musica contagi\u00f2 molti giovani millesimesi la cui educazione musicale venne curata dal Maestro A. Cabitto e da don Cafasso. Nacque in quell&#8217;epoca la Banda Folkloristica&nbsp; &#8220;La Gaietta&#8221;&nbsp; diretta dal Maestro C. Franchi.<br>Tutto il paese collabor\u00f2 con calore e generosit\u00e0&nbsp; alla rinascita del gruppo bandistico: nelle famiglie le donne provvedevano a confezionare le divise, che rimarranno inalterate sino&nbsp; agli anni &#8217;60, e gli stessi musicisti costruirono artigianalmente alcuni strumenti musicali.<br>Cos\u00ec la banda fu pronta per il suo &#8220;Battesimo&#8221; che si tenne nel giorno della festa patronale della Madonna del Carmine (18 Luglio 1954): all&#8217;epoca il Presidente era A. Ruffino e fungeva da madrina la sig.ra M. Fresia.<br>La banda, composta allora da circa 100 elementi, accompagn\u00f2 momenti importanti della nostra comunit\u00e0 e le sue esecuzioni erano molto richieste ed apprezzate anche oltre i confini municipali.<br>Dopo alcuni anni di inattivit\u00e0, negli anni &#8217;60 il Maestro Giancarlo Benzi&nbsp; rifond\u00f2 la banda musicale, cambiando il&nbsp; nome,&nbsp; intitolandola&nbsp; in onore&nbsp; dell&#8217;antico e primo maestro&nbsp; &#8220;Antonio Pizzorno&#8221;. Presidente fu nominato Paolo Fresia.<br>Nel 1982 vennero istituiti, a cura della Biblioteca Comunale, i primi corsi di musica per ridare nuova vita al complesso bandistico con l&#8217;ingresso di nuove leve. La direzione della banda venne affidata al Maestro E. Gazzano.<br>Il 14 Settembre 1983 la Banda Antonio Pizzorno&nbsp; venne&nbsp; ufficilizzata con atto notarile e redatto il relativo statuto.<br>Negli anni &#8217;90 subentr\u00f2&nbsp; il&nbsp; nuovo Maestro Aldo Rolando, con Presidente Romano Fresia.<br>Nel 1998 cambio della direzione&nbsp; della banda, arriv\u00f2 una nuova e promettente Maestra, Roberta Pregliasco, affiancata dal Presidente Albino Giribone.<br>Inizi\u00f2 un nuovo periodo con nuove idee e tanta voglia di realizzare nuovi traguardi, soprattutto con l&#8217;arrivo nel 2000 del nuovo Presidente Pietro Bellavia, che con entusiasmo e volont\u00e0 riusc\u00ec con l&#8217;aiuto di tutti a far crescere e apprezzare la banda anche nei paesi vicini.<br>Ritorn\u00f2&nbsp; di nuovo la Scuola di Musica per strumenti bandistici e a seguito di numerose richieste, si apr\u00ec anche alla musica moderna, con l&#8217;insegnamento della chitarra, basso, batteria, pianoforte, canto&nbsp; e musica d&#8217;insieme.<br>Le domande anno per anno aumentarono e la scuola si ingrand\u00ec, raccogliendo molti&nbsp; alunni provenienti dai paesi vicini, che venivano seguiti da musicisti facenti parte dell&#8217;organico della banda musicale.<br>Nel 2000 nasce anche una nuova formazione musicale chiamata AP BIG BAND composta da giovani e validi elementi che propongono musica jazz, swing, latino americano; la formazione venne diretta dal&nbsp; Maestro Alberto Bellavia, che ne cur\u00f2 anche gli arrangiamenti.<br>Accanto a questo gruppo, trainante e stimolante per molti giovani musicisti, sono nate altre formazioni musicali, in formazione di trio, quartetto o quintetto che propongono musica jazz, e anche&nbsp; pop\/rock.<br>Nel 2007 \u00e8 stata confermata&nbsp; la Maestra Roberta&nbsp; Pregliasco per dirigere i Concerti mentre la direzione della banda per servizio civili e religiosi sono stati&nbsp; affidati al capobanda&nbsp; Maestro Benedetto Barbara.<br>Il Maestro Alberto Bellavia invece curer\u00e0 le formazioni musicali giovanili e la scuola musica.<br>Nel 2008 la direzione&nbsp; della banda&nbsp; venne affidata&nbsp; al M\u00b0 Benedetto Barbara, con l&#8217;aiuto del M\u00b0 Andrea Piccardi.<br>Nel 2018 dopo la scomparsa del M\u00b0 Benedetto Barbara, la direzione viene affidata al M\u00b0 Giancarlo Benzi gi\u00e0 direttore tra gli anni &#8217;60 e &#8217;70. Inoltre \u00e8 nominato Vice Maestro Alberto Ghigliotto, apprezzato polistrumentista del savonese attivo anche della didattica e direttore del coro della scuola di musica della Banda Pizzorno di Millesimo.<br>Presidente \u00e8 stato confermato nuovamente&nbsp; Pietro Bellavia.<\/td><\/tr><\/tbody><\/table><\/figure>\n\n\n\n<p><\/p>\n","protected":false},"excerpt":{"rendered":"<p>Nel N\u00b0 1 della Rivista Mensile del Mandamento di Millesimo, 1\u00b0 Gennaio 1861, si&nbsp; legge che \u00e8 rinata la Banda della Guardia&nbsp; Nazionale di Millesimo. Si pu\u00f2 quindi supporre che gi\u00e0 all&#8217;epoca fosse viva una tradizione musicale che si \u00e8 conservata sino ai giorni nostri. E&#8217; agli inizi del &#8216;900 che troviamo i primi documenti [&hellip;]<\/p>\n","protected":false},"author":1,"featured_media":0,"parent":0,"menu_order":0,"comment_status":"closed","ping_status":"closed","template":"","meta":{"footnotes":""},"class_list":["post-19","page","type-page","status-publish","hentry"],"yoast_head":"<!-- This site is optimized with the Yoast SEO plugin v27.4 - https:\/\/yoast.com\/product\/yoast-seo-wordpress\/ -->\n<title>La Storia - Banda Musicale Antonio Pizzorno<\/title>\n<meta name=\"robots\" content=\"index, follow, max-snippet:-1, max-image-preview:large, max-video-preview:-1\" \/>\n<link rel=\"canonical\" href=\"https:\/\/www.bandapizzorno.info\/bp\/\" \/>\n<meta property=\"og:locale\" content=\"it_IT\" \/>\n<meta property=\"og:type\" content=\"article\" \/>\n<meta property=\"og:title\" content=\"La Storia - Banda Musicale Antonio Pizzorno\" \/>\n<meta property=\"og:description\" content=\"Nel N\u00b0 1 della Rivista Mensile del Mandamento di Millesimo, 1\u00b0 Gennaio 1861, si&nbsp; legge che \u00e8 rinata la Banda della Guardia&nbsp; Nazionale di Millesimo. Si pu\u00f2 quindi supporre che gi\u00e0 all&#8217;epoca fosse viva una tradizione musicale che si \u00e8 conservata sino ai giorni nostri. E&#8217; agli inizi del &#8216;900 che troviamo i primi documenti [&hellip;]\" \/>\n<meta property=\"og:url\" content=\"https:\/\/www.bandapizzorno.info\/bp\/\" \/>\n<meta property=\"og:site_name\" content=\"Banda Musicale Antonio Pizzorno\" \/>\n<meta property=\"article:modified_time\" content=\"2025-04-25T15:47:18+00:00\" \/>\n<meta property=\"og:image\" content=\"https:\/\/www.bandapizzorno.info\/bp\/wp-content\/uploads\/2025\/04\/banda.jpg\" \/>\n\t<meta property=\"og:image:width\" content=\"600\" \/>\n\t<meta property=\"og:image:height\" content=\"366\" \/>\n\t<meta property=\"og:image:type\" content=\"image\/jpeg\" \/>\n<meta name=\"twitter:card\" content=\"summary_large_image\" \/>\n<meta name=\"twitter:label1\" content=\"Tempo di lettura stimato\" \/>\n\t<meta name=\"twitter:data1\" content=\"3 minuti\" \/>\n<script type=\"application\/ld+json\" class=\"yoast-schema-graph\">{\"@context\":\"https:\\\/\\\/schema.org\",\"@graph\":[{\"@type\":\"WebPage\",\"@id\":\"https:\\\/\\\/www.bandapizzorno.info\\\/bp\\\/\",\"url\":\"https:\\\/\\\/www.bandapizzorno.info\\\/bp\\\/\",\"name\":\"La Storia - Banda Musicale Antonio Pizzorno\",\"isPartOf\":{\"@id\":\"https:\\\/\\\/www.bandapizzorno.info\\\/bp\\\/#website\"},\"primaryImageOfPage\":{\"@id\":\"https:\\\/\\\/www.bandapizzorno.info\\\/bp\\\/#primaryimage\"},\"image\":{\"@id\":\"https:\\\/\\\/www.bandapizzorno.info\\\/bp\\\/#primaryimage\"},\"thumbnailUrl\":\"https:\\\/\\\/www.bandapizzorno.info\\\/bp\\\/wp-content\\\/uploads\\\/2025\\\/04\\\/banda.jpg\",\"datePublished\":\"2025-04-25T15:28:09+00:00\",\"dateModified\":\"2025-04-25T15:47:18+00:00\",\"breadcrumb\":{\"@id\":\"https:\\\/\\\/www.bandapizzorno.info\\\/bp\\\/#breadcrumb\"},\"inLanguage\":\"it-IT\",\"potentialAction\":[{\"@type\":\"ReadAction\",\"target\":[\"https:\\\/\\\/www.bandapizzorno.info\\\/bp\\\/\"]}]},{\"@type\":\"ImageObject\",\"inLanguage\":\"it-IT\",\"@id\":\"https:\\\/\\\/www.bandapizzorno.info\\\/bp\\\/#primaryimage\",\"url\":\"https:\\\/\\\/www.bandapizzorno.info\\\/bp\\\/wp-content\\\/uploads\\\/2025\\\/04\\\/banda.jpg\",\"contentUrl\":\"https:\\\/\\\/www.bandapizzorno.info\\\/bp\\\/wp-content\\\/uploads\\\/2025\\\/04\\\/banda.jpg\",\"width\":600,\"height\":366},{\"@type\":\"BreadcrumbList\",\"@id\":\"https:\\\/\\\/www.bandapizzorno.info\\\/bp\\\/#breadcrumb\",\"itemListElement\":[{\"@type\":\"ListItem\",\"position\":1,\"name\":\"Home\",\"item\":\"https:\\\/\\\/www.bandapizzorno.info\\\/bp\\\/\"},{\"@type\":\"ListItem\",\"position\":2,\"name\":\"La Storia\"}]},{\"@type\":\"WebSite\",\"@id\":\"https:\\\/\\\/www.bandapizzorno.info\\\/bp\\\/#website\",\"url\":\"https:\\\/\\\/www.bandapizzorno.info\\\/bp\\\/\",\"name\":\"Banda Musicale Antonio Pizzorno\",\"description\":\"Complesso Bandistico e Scuola Musica a Millesimo SV\",\"potentialAction\":[{\"@type\":\"SearchAction\",\"target\":{\"@type\":\"EntryPoint\",\"urlTemplate\":\"https:\\\/\\\/www.bandapizzorno.info\\\/bp\\\/?s={search_term_string}\"},\"query-input\":{\"@type\":\"PropertyValueSpecification\",\"valueRequired\":true,\"valueName\":\"search_term_string\"}}],\"inLanguage\":\"it-IT\"}]}<\/script>\n<!-- \/ Yoast SEO plugin. -->","yoast_head_json":{"title":"La Storia - Banda Musicale Antonio Pizzorno","robots":{"index":"index","follow":"follow","max-snippet":"max-snippet:-1","max-image-preview":"max-image-preview:large","max-video-preview":"max-video-preview:-1"},"canonical":"https:\/\/www.bandapizzorno.info\/bp\/","og_locale":"it_IT","og_type":"article","og_title":"La Storia - Banda Musicale Antonio Pizzorno","og_description":"Nel N\u00b0 1 della Rivista Mensile del Mandamento di Millesimo, 1\u00b0 Gennaio 1861, si&nbsp; legge che \u00e8 rinata la Banda della Guardia&nbsp; Nazionale di Millesimo. Si pu\u00f2 quindi supporre che gi\u00e0 all&#8217;epoca fosse viva una tradizione musicale che si \u00e8 conservata sino ai giorni nostri. E&#8217; agli inizi del &#8216;900 che troviamo i primi documenti [&hellip;]","og_url":"https:\/\/www.bandapizzorno.info\/bp\/","og_site_name":"Banda Musicale Antonio Pizzorno","article_modified_time":"2025-04-25T15:47:18+00:00","og_image":[{"width":600,"height":366,"url":"https:\/\/www.bandapizzorno.info\/bp\/wp-content\/uploads\/2025\/04\/banda.jpg","type":"image\/jpeg"}],"twitter_card":"summary_large_image","twitter_misc":{"Tempo di lettura stimato":"3 minuti"},"schema":{"@context":"https:\/\/schema.org","@graph":[{"@type":"WebPage","@id":"https:\/\/www.bandapizzorno.info\/bp\/","url":"https:\/\/www.bandapizzorno.info\/bp\/","name":"La Storia - Banda Musicale Antonio Pizzorno","isPartOf":{"@id":"https:\/\/www.bandapizzorno.info\/bp\/#website"},"primaryImageOfPage":{"@id":"https:\/\/www.bandapizzorno.info\/bp\/#primaryimage"},"image":{"@id":"https:\/\/www.bandapizzorno.info\/bp\/#primaryimage"},"thumbnailUrl":"https:\/\/www.bandapizzorno.info\/bp\/wp-content\/uploads\/2025\/04\/banda.jpg","datePublished":"2025-04-25T15:28:09+00:00","dateModified":"2025-04-25T15:47:18+00:00","breadcrumb":{"@id":"https:\/\/www.bandapizzorno.info\/bp\/#breadcrumb"},"inLanguage":"it-IT","potentialAction":[{"@type":"ReadAction","target":["https:\/\/www.bandapizzorno.info\/bp\/"]}]},{"@type":"ImageObject","inLanguage":"it-IT","@id":"https:\/\/www.bandapizzorno.info\/bp\/#primaryimage","url":"https:\/\/www.bandapizzorno.info\/bp\/wp-content\/uploads\/2025\/04\/banda.jpg","contentUrl":"https:\/\/www.bandapizzorno.info\/bp\/wp-content\/uploads\/2025\/04\/banda.jpg","width":600,"height":366},{"@type":"BreadcrumbList","@id":"https:\/\/www.bandapizzorno.info\/bp\/#breadcrumb","itemListElement":[{"@type":"ListItem","position":1,"name":"Home","item":"https:\/\/www.bandapizzorno.info\/bp\/"},{"@type":"ListItem","position":2,"name":"La Storia"}]},{"@type":"WebSite","@id":"https:\/\/www.bandapizzorno.info\/bp\/#website","url":"https:\/\/www.bandapizzorno.info\/bp\/","name":"Banda Musicale Antonio Pizzorno","description":"Complesso Bandistico e Scuola Musica a Millesimo SV","potentialAction":[{"@type":"SearchAction","target":{"@type":"EntryPoint","urlTemplate":"https:\/\/www.bandapizzorno.info\/bp\/?s={search_term_string}"},"query-input":{"@type":"PropertyValueSpecification","valueRequired":true,"valueName":"search_term_string"}}],"inLanguage":"it-IT"}]}},"_links":{"self":[{"href":"https:\/\/www.bandapizzorno.info\/bp\/wp-json\/wp\/v2\/pages\/19","targetHints":{"allow":["GET"]}}],"collection":[{"href":"https:\/\/www.bandapizzorno.info\/bp\/wp-json\/wp\/v2\/pages"}],"about":[{"href":"https:\/\/www.bandapizzorno.info\/bp\/wp-json\/wp\/v2\/types\/page"}],"author":[{"embeddable":true,"href":"https:\/\/www.bandapizzorno.info\/bp\/wp-json\/wp\/v2\/users\/1"}],"replies":[{"embeddable":true,"href":"https:\/\/www.bandapizzorno.info\/bp\/wp-json\/wp\/v2\/comments?post=19"}],"version-history":[{"count":4,"href":"https:\/\/www.bandapizzorno.info\/bp\/wp-json\/wp\/v2\/pages\/19\/revisions"}],"predecessor-version":[{"id":27,"href":"https:\/\/www.bandapizzorno.info\/bp\/wp-json\/wp\/v2\/pages\/19\/revisions\/27"}],"wp:attachment":[{"href":"https:\/\/www.bandapizzorno.info\/bp\/wp-json\/wp\/v2\/media?parent=19"}],"curies":[{"name":"wp","href":"https:\/\/api.w.org\/{rel}","templated":true}]}}